{"id":1945,"date":"2025-03-19T11:28:33","date_gmt":"2025-03-19T14:28:33","guid":{"rendered":"https:\/\/andromeda.com.ar\/?post_type=product&#038;p=1945"},"modified":"2025-03-19T11:28:33","modified_gmt":"2025-03-19T14:28:33","slug":"lomo-burro-1-metro-red-velocidad-am-negro","status":"publish","type":"product","link":"https:\/\/andromeda.com.ar\/index.php\/product\/lomo-burro-1-metro-red-velocidad-am-negro\/","title":{"rendered":"LOMO BURRO 1 METRO \/RED.VELOCIDAD AM\/NEGRO"},"content":{"rendered":"<p class=\"description2\">Los m\u00f3dulos pl\u00e1sticos macizos son fabricados integramente en material virgen con filtro UV. Y su garant\u00eda de 10 a\u00f1os abarca la erosi\u00f3n vehicular.<\/p>\n<div class=\"description\">\n<p>Reductor de velocidad, fabricado con material PVC flexible macizo de dureza 90 shore A, con filtro UV para protecci\u00f3n solar. Compuesto por 2 m\u00f3dulos de 50 x 8 cm y 2 cm de altura. Provisto por un sistema de encastre y 3 orificios por m\u00f3dulo para fijaci\u00f3n con anclaje mec\u00e1nico al suelo. Debido a su altura carece de lentes prism\u00e1ticos. Su peso es de 1,48 kg por metro lineal y el largo de pisad<\/p>\n<\/div>\n","protected":false},"excerpt":{"rendered":"<p>Los m\u00f3dulos pl\u00e1sticos macizos son fabricados integramente en material virgen con filtro UV. Y su garant\u00eda de 10 a\u00f1os abarca la erosi\u00f3n vehicular. Reductor de velocidad, fabricado con material PVC flexible macizo de dureza 90 shore A, con filtro UV para protecci\u00f3n solar. Compuesto por 2 m\u00f3dulos de 50 x 8 cm y 2 cm [&hellip;]<\/p>\n","protected":false},"featured_media":1947,"template":"","meta":{"site-sidebar-layout":"default","site-content-layout":"","ast-site-content-layout":"default","site-content-style":"default","site-sidebar-style":"default","ast-global-header-display":"","ast-banner-title-visibility":"","ast-main-header-display":"","ast-hfb-above-header-display":"","ast-hfb-below-header-display":"","ast-hfb-mobile-header-display":"","site-post-title":"","ast-breadcrumbs-content":"","ast-featured-img":"","footer-sml-layout":"","ast-disable-related-posts":"","theme-transparent-header-meta":"default","adv-header-id-meta":"","stick-header-meta":"","header-above-stick-meta":"","header-main-stick-meta":"","header-below-stick-meta":"","astra-migrate-meta-layouts":"set","ast-page-background-enabled":"default","ast-page-background-meta":{"desktop":{"background-color":"var(--ast-global-color-4)","background-image":"","background-repeat":"repeat","background-position":"center center","background-size":"auto","background-attachment":"scroll","background-type":"","background-media":"","overlay-type":"","overlay-color":"","overlay-opacity":"","overlay-gradient":""},"tablet":{"background-color":"","background-image":"","background-repeat":"repeat","background-position":"center center","background-size":"auto","background-attachment":"scroll","background-type":"","background-media":"","overlay-type":"","overlay-color":"","overlay-opacity":"","overlay-gradient":""},"mobile":{"background-color":"","background-image":"","background-repeat":"repeat","background-position":"center center","background-size":"auto","background-attachment":"scroll","background-type":"","background-media":"","overlay-type":"","overlay-color":"","overlay-opacity":"","overlay-gradient":""}},"ast-content-background-meta":{"desktop":{"background-color":"var(--ast-global-color-5)","background-image":"","background-repeat":"repeat","background-position":"center center","background-size":"auto","background-attachment":"scroll","background-type":"","background-media":"","overlay-type":"","overlay-color":"","overlay-opacity":"","overlay-gradient":""},"tablet":{"background-color":"var(--ast-global-color-5)","background-image":"","background-repeat":"repeat","background-position":"center center","background-size":"auto","background-attachment":"scroll","background-type":"","background-media":"","overlay-type":"","overlay-color":"","overlay-opacity":"","overlay-gradient":""},"mobile":{"background-color":"var(--ast-global-color-5)","background-image":"","background-repeat":"repeat","background-position":"center center","background-size":"auto","background-attachment":"scroll","background-type":"","background-media":"","overlay-type":"","overlay-color":"","overlay-opacity":"","overlay-gradient":""}}},"product_brand":[],"product_cat":[25],"product_tag":[],"class_list":{"0":"post-1945","1":"product","2":"type-product","3":"status-publish","4":"has-post-thumbnail","6":"product_cat-seguridad","7":"desktop-align-left","8":"tablet-align-left","9":"mobile-align-left","11":"first","12":"instock","13":"shipping-taxable","14":"product-type-simple"},"_links":{"self":[{"href":"https:\/\/andromeda.com.ar\/index.php\/wp-json\/wp\/v2\/product\/1945","targetHints":{"allow":["GET"]}}],"collection":[{"href":"https:\/\/andromeda.com.ar\/index.php\/wp-json\/wp\/v2\/product"}],"about":[{"href":"https:\/\/andromeda.com.ar\/index.php\/wp-json\/wp\/v2\/types\/product"}],"wp:featuredmedia":[{"embeddable":true,"href":"https:\/\/andromeda.com.ar\/index.php\/wp-json\/wp\/v2\/media\/1947"}],"wp:attachment":[{"href":"https:\/\/andromeda.com.ar\/index.php\/wp-json\/wp\/v2\/media?parent=1945"}],"wp:term":[{"taxonomy":"product_brand","embeddable":true,"href":"https:\/\/andromeda.com.ar\/index.php\/wp-json\/wp\/v2\/product_brand?post=1945"},{"taxonomy":"product_cat","embeddable":true,"href":"https:\/\/andromeda.com.ar\/index.php\/wp-json\/wp\/v2\/product_cat?post=1945"},{"taxonomy":"product_tag","embeddable":true,"href":"https:\/\/andromeda.com.ar\/index.php\/wp-json\/wp\/v2\/product_tag?post=1945"}],"curies":[{"name":"wp","href":"https:\/\/api.w.org\/{rel}","templated":true}]}}